{"id":39096,"date":"2026-03-13T15:19:24","date_gmt":"2026-03-13T14:19:24","guid":{"rendered":"https:\/\/pro.x-bar.co\/?post_type=product&#038;p=39096"},"modified":"2026-04-14T17:15:59","modified_gmt":"2026-04-14T15:15:59","slug":"x-one-pro-kit-solo","status":"publish","type":"product","link":"https:\/\/pro.x-bar.co\/en\/product\/x-one-pro-kit-solo\/","title":{"rendered":"X-One Pro &#8211; Kit Solo"},"content":{"rendered":"","protected":false},"excerpt":{"rendered":"<p>Un appareil \u00e9l\u00e9gant et performant, con\u00e7u pour une exp\u00e9rience de vape durable.<br data-start=\"646\" data-end=\"649\" \/>Compatible avec tous les pods X-One Pro, il est dot\u00e9 d\u2019un \u00e9cran digital indiquant le niveau de batterie et le nombre de bouff\u00e9es.<br data-start=\"778\" data-end=\"781\" \/>Compact, rechargeable en USB-C et robuste \u2014 le choix id\u00e9al pour ceux qui ont d\u00e9j\u00e0 leurs saveurs pr\u00e9f\u00e9r\u00e9es.<br data-start=\"887\" data-end=\"890\" \/><strong data-start=\"890\" data-end=\"910\">Pods non inclus.<\/strong><\/p>\n","protected":false},"featured_media":39100,"template":"","meta":{"_acf_changed":false},"product_brand":[],"product_cat":[552,553],"product_tag":[],"class_list":{"0":"post-39096","1":"product","2":"type-product","3":"status-publish","4":"has-post-thumbnail","6":"product_cat-x-one-pro","7":"product_cat-x-one-pro-kits","9":"first","10":"instock","11":"taxable","12":"shipping-taxable","13":"purchasable","14":"product-type-simple"},"bundled_by":[],"bundle_stock_status":"instock","bundle_stock_quantity":4801,"bundle_virtual":false,"bundle_layout":"","bundle_add_to_cart_form_location":"","bundle_editable_in_cart":false,"bundle_sold_individually_context":"","bundle_item_grouping":"","bundle_min_size":"","bundle_max_size":"","bundle_price":[],"bundled_items":[],"bundle_sell_ids":[],"yoast_head":"<!-- This site is optimized with the Yoast SEO plugin v27.3 - https:\/\/yoast.com\/product\/yoast-seo-wordpress\/ -->\n<title>X-One Pro - Kit Solo - Pro X-Bar<\/title>\n<meta name=\"robots\" content=\"noindex, follow, max-snippet:-1, max-image-preview:large, max-video-preview:-1\" \/>\n<meta property=\"og:locale\" content=\"en_US\" \/>\n<meta property=\"og:type\" content=\"article\" \/>\n<meta property=\"og:title\" content=\"X-One Pro - Kit Solo - Pro X-Bar\" \/>\n<meta property=\"og:description\" content=\"Un appareil \u00e9l\u00e9gant et performant, con\u00e7u pour une exp\u00e9rience de vape durable.Compatible avec tous les pods X-One Pro, il est dot\u00e9 d\u2019un \u00e9cran digital indiquant le niveau de batterie et le nombre de bouff\u00e9es.Compact, rechargeable en USB-C et robuste \u2014 le choix id\u00e9al pour ceux qui ont d\u00e9j\u00e0 leurs saveurs pr\u00e9f\u00e9r\u00e9es.Pods non inclus.\" \/>\n<meta property=\"og:url\" content=\"https:\/\/pro.x-bar.co\/en\/product\/x-one-pro-kit-solo\/\" \/>\n<meta property=\"og:site_name\" content=\"Pro X-Bar\" \/>\n<meta property=\"article:modified_time\" content=\"2026-04-14T15:15:59+00:00\" \/>\n<meta property=\"og:image\" content=\"https:\/\/pro.x-bar.co\/wp-content\/uploads\/sites\/5\/2026\/03\/xbar-xone-kit-solo1.png\" \/>\n\t<meta property=\"og:image:width\" content=\"650\" \/>\n\t<meta property=\"og:image:height\" content=\"650\" \/>\n\t<meta property=\"og:image:type\" content=\"image\/png\" \/>\n<meta name=\"twitter:card\" content=\"summary_large_image\" \/>\n<meta name=\"twitter:label1\" content=\"Est. reading time\" \/>\n\t<meta name=\"twitter:data1\" content=\"1 minute\" \/>\n<script type=\"application\/ld+json\" class=\"yoast-schema-graph\">{\"@context\":\"https:\\\/\\\/schema.org\",\"@graph\":[{\"@type\":\"WebPage\",\"@id\":\"https:\\\/\\\/pro.x-bar.co\\\/en\\\/product\\\/x-one-pro-kit-solo\\\/\",\"url\":\"https:\\\/\\\/pro.x-bar.co\\\/en\\\/product\\\/x-one-pro-kit-solo\\\/\",\"name\":\"X-One Pro - Kit Solo - Pro X-Bar\",\"isPartOf\":{\"@id\":\"https:\\\/\\\/pro.x-bar.co\\\/en\\\/#website\"},\"primaryImageOfPage\":{\"@id\":\"https:\\\/\\\/pro.x-bar.co\\\/en\\\/product\\\/x-one-pro-kit-solo\\\/#primaryimage\"},\"image\":{\"@id\":\"https:\\\/\\\/pro.x-bar.co\\\/en\\\/product\\\/x-one-pro-kit-solo\\\/#primaryimage\"},\"thumbnailUrl\":\"https:\\\/\\\/pro.x-bar.co\\\/wp-content\\\/uploads\\\/sites\\\/5\\\/2026\\\/03\\\/xbar-xone-kit-solo1.png\",\"datePublished\":\"2026-03-13T14:19:24+00:00\",\"dateModified\":\"2026-04-14T15:15:59+00:00\",\"breadcrumb\":{\"@id\":\"https:\\\/\\\/pro.x-bar.co\\\/en\\\/product\\\/x-one-pro-kit-solo\\\/#breadcrumb\"},\"inLanguage\":\"en-US\",\"potentialAction\":[{\"@type\":\"ReadAction\",\"target\":[\"https:\\\/\\\/pro.x-bar.co\\\/en\\\/product\\\/x-one-pro-kit-solo\\\/\"]}]},{\"@type\":\"ImageObject\",\"inLanguage\":\"en-US\",\"@id\":\"https:\\\/\\\/pro.x-bar.co\\\/en\\\/product\\\/x-one-pro-kit-solo\\\/#primaryimage\",\"url\":\"https:\\\/\\\/pro.x-bar.co\\\/wp-content\\\/uploads\\\/sites\\\/5\\\/2026\\\/03\\\/xbar-xone-kit-solo1.png\",\"contentUrl\":\"https:\\\/\\\/pro.x-bar.co\\\/wp-content\\\/uploads\\\/sites\\\/5\\\/2026\\\/03\\\/xbar-xone-kit-solo1.png\",\"width\":650,\"height\":650},{\"@type\":\"BreadcrumbList\",\"@id\":\"https:\\\/\\\/pro.x-bar.co\\\/en\\\/product\\\/x-one-pro-kit-solo\\\/#breadcrumb\",\"itemListElement\":[{\"@type\":\"ListItem\",\"position\":1,\"name\":\"Accueil\",\"item\":\"https:\\\/\\\/pro.x-bar.co\\\/en\\\/\"},{\"@type\":\"ListItem\",\"position\":2,\"name\":\"Shop\",\"item\":\"https:\\\/\\\/pro.x-bar.co\\\/en\\\/shop\\\/\"},{\"@type\":\"ListItem\",\"position\":3,\"name\":\"X-One Pro &#8211; Kit Solo\"}]},{\"@type\":\"WebSite\",\"@id\":\"https:\\\/\\\/pro.x-bar.co\\\/en\\\/#website\",\"url\":\"https:\\\/\\\/pro.x-bar.co\\\/en\\\/\",\"name\":\"Pro X-Bar\",\"description\":\"X-Bar for Professionnal\",\"publisher\":{\"@id\":\"https:\\\/\\\/pro.x-bar.co\\\/en\\\/#organization\"},\"potentialAction\":[{\"@type\":\"SearchAction\",\"target\":{\"@type\":\"EntryPoint\",\"urlTemplate\":\"https:\\\/\\\/pro.x-bar.co\\\/en\\\/?s={search_term_string}\"},\"query-input\":{\"@type\":\"PropertyValueSpecification\",\"valueRequired\":true,\"valueName\":\"search_term_string\"}}],\"inLanguage\":\"en-US\"},{\"@type\":\"Organization\",\"@id\":\"https:\\\/\\\/pro.x-bar.co\\\/en\\\/#organization\",\"name\":\"Pro X-Bar\",\"url\":\"https:\\\/\\\/pro.x-bar.co\\\/en\\\/\",\"logo\":{\"@type\":\"ImageObject\",\"inLanguage\":\"en-US\",\"@id\":\"https:\\\/\\\/pro.x-bar.co\\\/en\\\/#\\\/schema\\\/logo\\\/image\\\/\",\"url\":\"https:\\\/\\\/pro.x-bar.co\\\/wp-content\\\/uploads\\\/sites\\\/5\\\/2023\\\/07\\\/proxbar-logo-black.svg\",\"contentUrl\":\"https:\\\/\\\/pro.x-bar.co\\\/wp-content\\\/uploads\\\/sites\\\/5\\\/2023\\\/07\\\/proxbar-logo-black.svg\",\"caption\":\"Pro X-Bar\"},\"image\":{\"@id\":\"https:\\\/\\\/pro.x-bar.co\\\/en\\\/#\\\/schema\\\/logo\\\/image\\\/\"}}]}<\/script>\n<!-- \/ Yoast SEO plugin. -->","yoast_head_json":{"title":"X-One Pro - Kit Solo - Pro X-Bar","robots":{"index":"noindex","follow":"follow","max-snippet":"max-snippet:-1","max-image-preview":"max-image-preview:large","max-video-preview":"max-video-preview:-1"},"og_locale":"en_US","og_type":"article","og_title":"X-One Pro - Kit Solo - Pro X-Bar","og_description":"Un appareil \u00e9l\u00e9gant et performant, con\u00e7u pour une exp\u00e9rience de vape durable.Compatible avec tous les pods X-One Pro, il est dot\u00e9 d\u2019un \u00e9cran digital indiquant le niveau de batterie et le nombre de bouff\u00e9es.Compact, rechargeable en USB-C et robuste \u2014 le choix id\u00e9al pour ceux qui ont d\u00e9j\u00e0 leurs saveurs pr\u00e9f\u00e9r\u00e9es.Pods non inclus.","og_url":"https:\/\/pro.x-bar.co\/en\/product\/x-one-pro-kit-solo\/","og_site_name":"Pro X-Bar","article_modified_time":"2026-04-14T15:15:59+00:00","og_image":[{"width":650,"height":650,"url":"https:\/\/pro.x-bar.co\/wp-content\/uploads\/sites\/5\/2026\/03\/xbar-xone-kit-solo1.png","type":"image\/png"}],"twitter_card":"summary_large_image","twitter_misc":{"Est. reading time":"1 minute"},"schema":{"@context":"https:\/\/schema.org","@graph":[{"@type":"WebPage","@id":"https:\/\/pro.x-bar.co\/en\/product\/x-one-pro-kit-solo\/","url":"https:\/\/pro.x-bar.co\/en\/product\/x-one-pro-kit-solo\/","name":"X-One Pro - Kit Solo - Pro X-Bar","isPartOf":{"@id":"https:\/\/pro.x-bar.co\/en\/#website"},"primaryImageOfPage":{"@id":"https:\/\/pro.x-bar.co\/en\/product\/x-one-pro-kit-solo\/#primaryimage"},"image":{"@id":"https:\/\/pro.x-bar.co\/en\/product\/x-one-pro-kit-solo\/#primaryimage"},"thumbnailUrl":"https:\/\/pro.x-bar.co\/wp-content\/uploads\/sites\/5\/2026\/03\/xbar-xone-kit-solo1.png","datePublished":"2026-03-13T14:19:24+00:00","dateModified":"2026-04-14T15:15:59+00:00","breadcrumb":{"@id":"https:\/\/pro.x-bar.co\/en\/product\/x-one-pro-kit-solo\/#breadcrumb"},"inLanguage":"en-US","potentialAction":[{"@type":"ReadAction","target":["https:\/\/pro.x-bar.co\/en\/product\/x-one-pro-kit-solo\/"]}]},{"@type":"ImageObject","inLanguage":"en-US","@id":"https:\/\/pro.x-bar.co\/en\/product\/x-one-pro-kit-solo\/#primaryimage","url":"https:\/\/pro.x-bar.co\/wp-content\/uploads\/sites\/5\/2026\/03\/xbar-xone-kit-solo1.png","contentUrl":"https:\/\/pro.x-bar.co\/wp-content\/uploads\/sites\/5\/2026\/03\/xbar-xone-kit-solo1.png","width":650,"height":650},{"@type":"BreadcrumbList","@id":"https:\/\/pro.x-bar.co\/en\/product\/x-one-pro-kit-solo\/#breadcrumb","itemListElement":[{"@type":"ListItem","position":1,"name":"Accueil","item":"https:\/\/pro.x-bar.co\/en\/"},{"@type":"ListItem","position":2,"name":"Shop","item":"https:\/\/pro.x-bar.co\/en\/shop\/"},{"@type":"ListItem","position":3,"name":"X-One Pro &#8211; Kit Solo"}]},{"@type":"WebSite","@id":"https:\/\/pro.x-bar.co\/en\/#website","url":"https:\/\/pro.x-bar.co\/en\/","name":"Pro X-Bar","description":"X-Bar for Professionnal","publisher":{"@id":"https:\/\/pro.x-bar.co\/en\/#organization"},"potentialAction":[{"@type":"SearchAction","target":{"@type":"EntryPoint","urlTemplate":"https:\/\/pro.x-bar.co\/en\/?s={search_term_string}"},"query-input":{"@type":"PropertyValueSpecification","valueRequired":true,"valueName":"search_term_string"}}],"inLanguage":"en-US"},{"@type":"Organization","@id":"https:\/\/pro.x-bar.co\/en\/#organization","name":"Pro X-Bar","url":"https:\/\/pro.x-bar.co\/en\/","logo":{"@type":"ImageObject","inLanguage":"en-US","@id":"https:\/\/pro.x-bar.co\/en\/#\/schema\/logo\/image\/","url":"https:\/\/pro.x-bar.co\/wp-content\/uploads\/sites\/5\/2023\/07\/proxbar-logo-black.svg","contentUrl":"https:\/\/pro.x-bar.co\/wp-content\/uploads\/sites\/5\/2023\/07\/proxbar-logo-black.svg","caption":"Pro X-Bar"},"image":{"@id":"https:\/\/pro.x-bar.co\/en\/#\/schema\/logo\/image\/"}}]}},"acf":[],"_links":{"self":[{"href":"https:\/\/pro.x-bar.co\/en\/wp-json\/wp\/v2\/product\/39096","targetHints":{"allow":["GET"]}}],"collection":[{"href":"https:\/\/pro.x-bar.co\/en\/wp-json\/wp\/v2\/product"}],"about":[{"href":"https:\/\/pro.x-bar.co\/en\/wp-json\/wp\/v2\/types\/product"}],"wp:featuredmedia":[{"embeddable":true,"href":"https:\/\/pro.x-bar.co\/en\/wp-json\/wp\/v2\/media\/39100"}],"wp:attachment":[{"href":"https:\/\/pro.x-bar.co\/en\/wp-json\/wp\/v2\/media?parent=39096"}],"wp:term":[{"taxonomy":"product_brand","embeddable":true,"href":"https:\/\/pro.x-bar.co\/en\/wp-json\/wp\/v2\/product_brand?post=39096"},{"taxonomy":"product_cat","embeddable":true,"href":"https:\/\/pro.x-bar.co\/en\/wp-json\/wp\/v2\/product_cat?post=39096"},{"taxonomy":"product_tag","embeddable":true,"href":"https:\/\/pro.x-bar.co\/en\/wp-json\/wp\/v2\/product_tag?post=39096"}],"curies":[{"name":"wp","href":"https:\/\/api.w.org\/{rel}","templated":true}]}}