{"id":38179,"date":"2025-11-26T10:43:02","date_gmt":"2025-11-26T09:43:02","guid":{"rendered":"https:\/\/pro.x-bar.co\/?post_type=product&#038;p=38179"},"modified":"2026-04-14T12:04:41","modified_gmt":"2026-04-14T10:04:41","slug":"x-line-pod-granite-citron","status":"publish","type":"product","link":"https:\/\/pro.x-bar.co\/en\/product\/x-line-pod-granite-citron\/","title":{"rendered":"X-LINE &#8211; Pod Granite Citron"},"content":{"rendered":"","protected":false},"excerpt":{"rendered":"<p>Pod X-Line \u00e0 la saveur <strong data-start=\"3435\" data-end=\"3453\">Granit\u00e9 Citron<\/strong>. Un zeste de citron givr\u00e9 fa\u00e7on granit\u00e9 pour une exp\u00e9rience \u00e0 la fois acidul\u00e9e et rafra\u00eechissante.<\/p>\n<p>Les pods X-Line sont compos\u00e9s de 10 ml + 2 ml de e-liquide pour une vape longue dur\u00e9e, en 10 mg\/ml de sels de nicotine. Compatibles avec les appareils X-Line, par X-Bar. Con\u00e7us en France.<\/p>\n","protected":false},"featured_media":38074,"template":"","meta":{"_acf_changed":false},"product_brand":[],"product_cat":[480,265,579,548],"product_tag":[],"class_list":{"0":"post-38179","1":"product","2":"type-product","3":"status-publish","4":"has-post-thumbnail","6":"product_cat-products","7":"product_cat-uncategorized","8":"product_cat-x-line-fr","9":"product_cat-x-line-pods","11":"first","12":"instock","13":"taxable","14":"shipping-taxable","15":"purchasable","16":"product-type-variable","17":"has-default-attributes"},"bundled_by":[],"bundle_stock_status":"instock","bundle_stock_quantity":null,"bundle_virtual":false,"bundle_layout":"","bundle_add_to_cart_form_location":"","bundle_editable_in_cart":false,"bundle_sold_individually_context":"","bundle_item_grouping":"","bundle_min_size":"","bundle_max_size":"","bundle_price":[],"bundled_items":[],"bundle_sell_ids":[],"yoast_head":"<!-- This site is optimized with the Yoast SEO plugin v27.3 - https:\/\/yoast.com\/product\/yoast-seo-wordpress\/ -->\n<title>X-LINE - Pod Granite Citron - Pro X-Bar<\/title>\n<meta name=\"robots\" content=\"noindex, follow, max-snippet:-1, max-image-preview:large, max-video-preview:-1\" \/>\n<meta property=\"og:locale\" content=\"en_US\" \/>\n<meta property=\"og:type\" content=\"article\" \/>\n<meta property=\"og:title\" content=\"X-LINE - Pod Granite Citron - Pro X-Bar\" \/>\n<meta property=\"og:description\" content=\"Pod X-Line \u00e0 la saveur Granit\u00e9 Citron. Un zeste de citron givr\u00e9 fa\u00e7on granit\u00e9 pour une exp\u00e9rience \u00e0 la fois acidul\u00e9e et rafra\u00eechissante.  Les pods X-Line sont compos\u00e9s de 10 ml + 2 ml de e-liquide pour une vape longue dur\u00e9e, en 10 mg\/ml de sels de nicotine. Compatibles avec les appareils X-Line, par X-Bar. Con\u00e7us en France.\" \/>\n<meta property=\"og:url\" content=\"https:\/\/pro.x-bar.co\/en\/product\/x-line-pod-granite-citron\/\" \/>\n<meta property=\"og:site_name\" content=\"Pro X-Bar\" \/>\n<meta property=\"article:modified_time\" content=\"2026-04-14T10:04:41+00:00\" \/>\n<meta property=\"og:image\" content=\"https:\/\/pro.x-bar.co\/wp-content\/uploads\/sites\/5\/2025\/11\/x-line_pod_splash_granite-citron-1.png\" \/>\n\t<meta property=\"og:image:width\" content=\"600\" \/>\n\t<meta property=\"og:image:height\" content=\"600\" \/>\n\t<meta property=\"og:image:type\" content=\"image\/png\" \/>\n<meta name=\"twitter:card\" content=\"summary_large_image\" \/>\n<meta name=\"twitter:label1\" content=\"Est. reading time\" \/>\n\t<meta name=\"twitter:data1\" content=\"1 minute\" \/>\n<script type=\"application\/ld+json\" class=\"yoast-schema-graph\">{\"@context\":\"https:\\\/\\\/schema.org\",\"@graph\":[{\"@type\":\"WebPage\",\"@id\":\"https:\\\/\\\/pro.x-bar.co\\\/en\\\/product\\\/x-line-pod-granite-citron\\\/\",\"url\":\"https:\\\/\\\/pro.x-bar.co\\\/en\\\/product\\\/x-line-pod-granite-citron\\\/\",\"name\":\"X-LINE - Pod Granite Citron - Pro X-Bar\",\"isPartOf\":{\"@id\":\"https:\\\/\\\/pro.x-bar.co\\\/en\\\/#website\"},\"primaryImageOfPage\":{\"@id\":\"https:\\\/\\\/pro.x-bar.co\\\/en\\\/product\\\/x-line-pod-granite-citron\\\/#primaryimage\"},\"image\":{\"@id\":\"https:\\\/\\\/pro.x-bar.co\\\/en\\\/product\\\/x-line-pod-granite-citron\\\/#primaryimage\"},\"thumbnailUrl\":\"https:\\\/\\\/pro.x-bar.co\\\/wp-content\\\/uploads\\\/sites\\\/5\\\/2025\\\/11\\\/x-line_pod_splash_granite-citron-1.png\",\"datePublished\":\"2025-11-26T09:43:02+00:00\",\"dateModified\":\"2026-04-14T10:04:41+00:00\",\"breadcrumb\":{\"@id\":\"https:\\\/\\\/pro.x-bar.co\\\/en\\\/product\\\/x-line-pod-granite-citron\\\/#breadcrumb\"},\"inLanguage\":\"en-US\",\"potentialAction\":[{\"@type\":\"ReadAction\",\"target\":[\"https:\\\/\\\/pro.x-bar.co\\\/en\\\/product\\\/x-line-pod-granite-citron\\\/\"]}]},{\"@type\":\"ImageObject\",\"inLanguage\":\"en-US\",\"@id\":\"https:\\\/\\\/pro.x-bar.co\\\/en\\\/product\\\/x-line-pod-granite-citron\\\/#primaryimage\",\"url\":\"https:\\\/\\\/pro.x-bar.co\\\/wp-content\\\/uploads\\\/sites\\\/5\\\/2025\\\/11\\\/x-line_pod_splash_granite-citron-1.png\",\"contentUrl\":\"https:\\\/\\\/pro.x-bar.co\\\/wp-content\\\/uploads\\\/sites\\\/5\\\/2025\\\/11\\\/x-line_pod_splash_granite-citron-1.png\",\"width\":600,\"height\":600},{\"@type\":\"BreadcrumbList\",\"@id\":\"https:\\\/\\\/pro.x-bar.co\\\/en\\\/product\\\/x-line-pod-granite-citron\\\/#breadcrumb\",\"itemListElement\":[{\"@type\":\"ListItem\",\"position\":1,\"name\":\"Accueil\",\"item\":\"https:\\\/\\\/pro.x-bar.co\\\/en\\\/\"},{\"@type\":\"ListItem\",\"position\":2,\"name\":\"Shop\",\"item\":\"https:\\\/\\\/pro.x-bar.co\\\/en\\\/shop\\\/\"},{\"@type\":\"ListItem\",\"position\":3,\"name\":\"X-LINE &#8211; Pod Granite Citron\"}]},{\"@type\":\"WebSite\",\"@id\":\"https:\\\/\\\/pro.x-bar.co\\\/en\\\/#website\",\"url\":\"https:\\\/\\\/pro.x-bar.co\\\/en\\\/\",\"name\":\"Pro X-Bar\",\"description\":\"X-Bar for Professionnal\",\"publisher\":{\"@id\":\"https:\\\/\\\/pro.x-bar.co\\\/en\\\/#organization\"},\"potentialAction\":[{\"@type\":\"SearchAction\",\"target\":{\"@type\":\"EntryPoint\",\"urlTemplate\":\"https:\\\/\\\/pro.x-bar.co\\\/en\\\/?s={search_term_string}\"},\"query-input\":{\"@type\":\"PropertyValueSpecification\",\"valueRequired\":true,\"valueName\":\"search_term_string\"}}],\"inLanguage\":\"en-US\"},{\"@type\":\"Organization\",\"@id\":\"https:\\\/\\\/pro.x-bar.co\\\/en\\\/#organization\",\"name\":\"Pro X-Bar\",\"url\":\"https:\\\/\\\/pro.x-bar.co\\\/en\\\/\",\"logo\":{\"@type\":\"ImageObject\",\"inLanguage\":\"en-US\",\"@id\":\"https:\\\/\\\/pro.x-bar.co\\\/en\\\/#\\\/schema\\\/logo\\\/image\\\/\",\"url\":\"https:\\\/\\\/pro.x-bar.co\\\/wp-content\\\/uploads\\\/sites\\\/5\\\/2023\\\/07\\\/proxbar-logo-black.svg\",\"contentUrl\":\"https:\\\/\\\/pro.x-bar.co\\\/wp-content\\\/uploads\\\/sites\\\/5\\\/2023\\\/07\\\/proxbar-logo-black.svg\",\"caption\":\"Pro X-Bar\"},\"image\":{\"@id\":\"https:\\\/\\\/pro.x-bar.co\\\/en\\\/#\\\/schema\\\/logo\\\/image\\\/\"}}]}<\/script>\n<!-- \/ Yoast SEO plugin. -->","yoast_head_json":{"title":"X-LINE - Pod Granite Citron - Pro X-Bar","robots":{"index":"noindex","follow":"follow","max-snippet":"max-snippet:-1","max-image-preview":"max-image-preview:large","max-video-preview":"max-video-preview:-1"},"og_locale":"en_US","og_type":"article","og_title":"X-LINE - Pod Granite Citron - Pro X-Bar","og_description":"Pod X-Line \u00e0 la saveur Granit\u00e9 Citron. Un zeste de citron givr\u00e9 fa\u00e7on granit\u00e9 pour une exp\u00e9rience \u00e0 la fois acidul\u00e9e et rafra\u00eechissante.  Les pods X-Line sont compos\u00e9s de 10 ml + 2 ml de e-liquide pour une vape longue dur\u00e9e, en 10 mg\/ml de sels de nicotine. Compatibles avec les appareils X-Line, par X-Bar. Con\u00e7us en France.","og_url":"https:\/\/pro.x-bar.co\/en\/product\/x-line-pod-granite-citron\/","og_site_name":"Pro X-Bar","article_modified_time":"2026-04-14T10:04:41+00:00","og_image":[{"width":600,"height":600,"url":"https:\/\/pro.x-bar.co\/wp-content\/uploads\/sites\/5\/2025\/11\/x-line_pod_splash_granite-citron-1.png","type":"image\/png"}],"twitter_card":"summary_large_image","twitter_misc":{"Est. reading time":"1 minute"},"schema":{"@context":"https:\/\/schema.org","@graph":[{"@type":"WebPage","@id":"https:\/\/pro.x-bar.co\/en\/product\/x-line-pod-granite-citron\/","url":"https:\/\/pro.x-bar.co\/en\/product\/x-line-pod-granite-citron\/","name":"X-LINE - Pod Granite Citron - Pro X-Bar","isPartOf":{"@id":"https:\/\/pro.x-bar.co\/en\/#website"},"primaryImageOfPage":{"@id":"https:\/\/pro.x-bar.co\/en\/product\/x-line-pod-granite-citron\/#primaryimage"},"image":{"@id":"https:\/\/pro.x-bar.co\/en\/product\/x-line-pod-granite-citron\/#primaryimage"},"thumbnailUrl":"https:\/\/pro.x-bar.co\/wp-content\/uploads\/sites\/5\/2025\/11\/x-line_pod_splash_granite-citron-1.png","datePublished":"2025-11-26T09:43:02+00:00","dateModified":"2026-04-14T10:04:41+00:00","breadcrumb":{"@id":"https:\/\/pro.x-bar.co\/en\/product\/x-line-pod-granite-citron\/#breadcrumb"},"inLanguage":"en-US","potentialAction":[{"@type":"ReadAction","target":["https:\/\/pro.x-bar.co\/en\/product\/x-line-pod-granite-citron\/"]}]},{"@type":"ImageObject","inLanguage":"en-US","@id":"https:\/\/pro.x-bar.co\/en\/product\/x-line-pod-granite-citron\/#primaryimage","url":"https:\/\/pro.x-bar.co\/wp-content\/uploads\/sites\/5\/2025\/11\/x-line_pod_splash_granite-citron-1.png","contentUrl":"https:\/\/pro.x-bar.co\/wp-content\/uploads\/sites\/5\/2025\/11\/x-line_pod_splash_granite-citron-1.png","width":600,"height":600},{"@type":"BreadcrumbList","@id":"https:\/\/pro.x-bar.co\/en\/product\/x-line-pod-granite-citron\/#breadcrumb","itemListElement":[{"@type":"ListItem","position":1,"name":"Accueil","item":"https:\/\/pro.x-bar.co\/en\/"},{"@type":"ListItem","position":2,"name":"Shop","item":"https:\/\/pro.x-bar.co\/en\/shop\/"},{"@type":"ListItem","position":3,"name":"X-LINE &#8211; Pod Granite Citron"}]},{"@type":"WebSite","@id":"https:\/\/pro.x-bar.co\/en\/#website","url":"https:\/\/pro.x-bar.co\/en\/","name":"Pro X-Bar","description":"X-Bar for Professionnal","publisher":{"@id":"https:\/\/pro.x-bar.co\/en\/#organization"},"potentialAction":[{"@type":"SearchAction","target":{"@type":"EntryPoint","urlTemplate":"https:\/\/pro.x-bar.co\/en\/?s={search_term_string}"},"query-input":{"@type":"PropertyValueSpecification","valueRequired":true,"valueName":"search_term_string"}}],"inLanguage":"en-US"},{"@type":"Organization","@id":"https:\/\/pro.x-bar.co\/en\/#organization","name":"Pro X-Bar","url":"https:\/\/pro.x-bar.co\/en\/","logo":{"@type":"ImageObject","inLanguage":"en-US","@id":"https:\/\/pro.x-bar.co\/en\/#\/schema\/logo\/image\/","url":"https:\/\/pro.x-bar.co\/wp-content\/uploads\/sites\/5\/2023\/07\/proxbar-logo-black.svg","contentUrl":"https:\/\/pro.x-bar.co\/wp-content\/uploads\/sites\/5\/2023\/07\/proxbar-logo-black.svg","caption":"Pro X-Bar"},"image":{"@id":"https:\/\/pro.x-bar.co\/en\/#\/schema\/logo\/image\/"}}]}},"acf":[],"_links":{"self":[{"href":"https:\/\/pro.x-bar.co\/en\/wp-json\/wp\/v2\/product\/38179","targetHints":{"allow":["GET"]}}],"collection":[{"href":"https:\/\/pro.x-bar.co\/en\/wp-json\/wp\/v2\/product"}],"about":[{"href":"https:\/\/pro.x-bar.co\/en\/wp-json\/wp\/v2\/types\/product"}],"wp:featuredmedia":[{"embeddable":true,"href":"https:\/\/pro.x-bar.co\/en\/wp-json\/wp\/v2\/media\/38074"}],"wp:attachment":[{"href":"https:\/\/pro.x-bar.co\/en\/wp-json\/wp\/v2\/media?parent=38179"}],"wp:term":[{"taxonomy":"product_brand","embeddable":true,"href":"https:\/\/pro.x-bar.co\/en\/wp-json\/wp\/v2\/product_brand?post=38179"},{"taxonomy":"product_cat","embeddable":true,"href":"https:\/\/pro.x-bar.co\/en\/wp-json\/wp\/v2\/product_cat?post=38179"},{"taxonomy":"product_tag","embeddable":true,"href":"https:\/\/pro.x-bar.co\/en\/wp-json\/wp\/v2\/product_tag?post=38179"}],"curies":[{"name":"wp","href":"https:\/\/api.w.org\/{rel}","templated":true}]}}